{"id":6687,"date":"2024-01-03T14:43:11","date_gmt":"2024-01-03T14:43:11","guid":{"rendered":"https:\/\/teste.hemomed.com.br\/ipc\/home-2-copy\/"},"modified":"2024-04-03T15:44:18","modified_gmt":"2024-04-03T15:44:18","slug":"nossa-cultura","status":"publish","type":"page","link":"https:\/\/teste.hemomed.com.br\/ipc\/nossa-cultura\/","title":{"rendered":"IPC &#8211; Nossa Cultura"},"content":{"rendered":"\t\t<div data-elementor-type=\"wp-post\" data-elementor-id=\"6687\" class=\"elementor elementor-6687\" data-elementor-post-type=\"page\">\n\t\t\t\t\t\t<section class=\"elementor-section elementor-top-section elementor-element elementor-element-2344d10e elementor-section-stretched elementor-section-full_width elementor-section-height-default elementor-section-height-default\" data-id=\"2344d10e\" data-element_type=\"section\" data-settings=\"{&quot;stretch_section&quot;:&quot;section-stretched&quot;}\">\n\t\t\t\t\t\t<div class=\"elementor-container elementor-column-gap-no\">\n\t\t\t\t\t<div class=\"elementor-column elementor-col-100 elementor-top-column elementor-element elementor-element-55cb52b1\" data-id=\"55cb52b1\" data-element_type=\"column\">\n\t\t\t<div class=\"elementor-widget-wrap elementor-element-populated\">\n\t\t\t\t\t\t<div class=\"elementor-element elementor-element-d5b081b elementor-widget elementor-widget-shortcode\" data-id=\"d5b081b\" data-element_type=\"widget\" data-widget_type=\"shortcode.default\">\n\t\t\t\t<div class=\"elementor-widget-container\">\n\t\t\t\t\t\t\t<div class=\"elementor-shortcode\"><link href=\"https:\/\/fonts.googleapis.com\/css?family=Roboto:100,100i,200,200i,300,300i,400,400i,500,500i,600,600i,700,700i,800,800i,900,900i\" rel=\"stylesheet\"><div id=\"layerslider_10_14k6t9e89e73o\" class=\"ls-wp-container fitvidsignore\" style=\"width:1280px;height:720px;margin:0 auto;margin-bottom: 0px;\"><div class=\"ls-slide\" data-ls=\"duration:5000;transition2d:all;kenburnsscale:1.2;\"><img fetchpriority=\"high\" decoding=\"async\" width=\"1920\" height=\"700\" src=\"https:\/\/teste.hemomed.com.br\/ipc\/wp-content\/uploads\/2024\/01\/slider-ipc-modelo-1-cultura.jpg\" class=\"ls-bg\" alt=\"\" srcset=\"https:\/\/teste.hemomed.com.br\/ipc\/wp-content\/uploads\/2024\/01\/slider-ipc-modelo-1-cultura.jpg 1920w, https:\/\/teste.hemomed.com.br\/ipc\/wp-content\/uploads\/2024\/01\/slider-ipc-modelo-1-cultura-300x109.jpg 300w, https:\/\/teste.hemomed.com.br\/ipc\/wp-content\/uploads\/2024\/01\/slider-ipc-modelo-1-cultura-1024x373.jpg 1024w, https:\/\/teste.hemomed.com.br\/ipc\/wp-content\/uploads\/2024\/01\/slider-ipc-modelo-1-cultura-1536x560.jpg 1536w, https:\/\/teste.hemomed.com.br\/ipc\/wp-content\/uploads\/2024\/01\/slider-ipc-modelo-1-cultura-1200x438.jpg 1200w, https:\/\/teste.hemomed.com.br\/ipc\/wp-content\/uploads\/2024\/01\/slider-ipc-modelo-1-cultura-600x219.jpg 600w\" sizes=\"(max-width: 1920px) 100vw, 1920px\" \/><a style=\"\" class=\"ls-l ls-hide-desktop\" href=\"#\" target=\"_self\" data-ls=\"offsetyin:-50lh;easingin:linear;clipin:0 0 100% 0;transitionout:false;position:relative;\"><p style=\"top:177px;left:53px;text-align:left;font-weight:500;font-style:normal;font-size:48px;font-family:Roboto;line-height:60px;color:#111111;\" class=\" item-btn ls-text-layer\">Trabalhamos para ser<br>a refer&ecirc;ncia Integral ao<br>paciente oncol&oacute;gico e<br> onco hematol&oacute;gico.<\/p><\/a><a style=\"\" class=\"ls-l ls-hide-tablet ls-hide-phone\" href=\"#\" target=\"_self\" data-ls=\"offsetyin:-50lh;easingin:linear;clipin:0 0 100% 0;transitionout:false;position:relative;\"><p style=\"top:240px;left:145px;text-align:left;font-style:normal;font-size:40px;font-family:Roboto;line-height:60px;color:#111111;font-weight:700;\" class=\" item-btn ls-text-layer\">Trabalhamos para ser<br>a refer&ecirc;ncia Integral ao<br>paciente oncol&oacute;gico e<br> onco hematol&oacute;gico.<\/p><\/a><\/div><\/div><\/div>\n\t\t\t\t\t\t<\/div>\n\t\t\t\t<\/div>\n\t\t\t\t\t<\/div>\n\t\t<\/div>\n\t\t\t\t\t<\/div>\n\t\t<\/section>\n\t\t\t\t<section class=\"elementor-section elementor-top-section elementor-element elementor-element-f5fbb99 elementor-section-boxed elementor-section-height-default elementor-section-height-default\" data-id=\"f5fbb99\" data-element_type=\"section\">\n\t\t\t\t\t\t<div class=\"elementor-container elementor-column-gap-default\">\n\t\t\t\t\t<div class=\"elementor-column elementor-col-100 elementor-top-column elementor-element elementor-element-ca75ea3\" data-id=\"ca75ea3\" data-element_type=\"column\">\n\t\t\t<div class=\"elementor-widget-wrap\">\n\t\t\t\t\t\t\t<\/div>\n\t\t<\/div>\n\t\t\t\t\t<\/div>\n\t\t<\/section>\n\t\t\t\t<section class=\"elementor-section elementor-top-section elementor-element elementor-element-be4de64 elementor-section-boxed elementor-section-height-default elementor-section-height-default\" data-id=\"be4de64\" data-element_type=\"section\">\n\t\t\t\t\t\t<div class=\"elementor-container elementor-column-gap-no\">\n\t\t\t\t\t<div class=\"elementor-column elementor-col-50 elementor-top-column elementor-element elementor-element-2133b94\" data-id=\"2133b94\" data-element_type=\"column\">\n\t\t\t<div class=\"elementor-widget-wrap elementor-element-populated\">\n\t\t\t\t\t\t<div class=\"elementor-element elementor-element-4b8880e elementor-widget elementor-widget-image\" data-id=\"4b8880e\" data-element_type=\"widget\" data-widget_type=\"image.default\">\n\t\t\t\t<div class=\"elementor-widget-container\">\n\t\t\t\t\t\t\t\t\t\t\t\t\t\t\t<img decoding=\"async\" width=\"693\" height=\"442\" src=\"https:\/\/teste.hemomed.com.br\/ipc\/wp-content\/uploads\/2024\/01\/ipc-cultura-2.jpg\" class=\"attachment-large size-large wp-image-6698\" alt=\"\" srcset=\"https:\/\/teste.hemomed.com.br\/ipc\/wp-content\/uploads\/2024\/01\/ipc-cultura-2.jpg 693w, https:\/\/teste.hemomed.com.br\/ipc\/wp-content\/uploads\/2024\/01\/ipc-cultura-2-300x191.jpg 300w, https:\/\/teste.hemomed.com.br\/ipc\/wp-content\/uploads\/2024\/01\/ipc-cultura-2-600x383.jpg 600w\" sizes=\"(max-width: 693px) 100vw, 693px\" \/>\t\t\t\t\t\t\t\t\t\t\t\t\t\t\t<\/div>\n\t\t\t\t<\/div>\n\t\t\t\t\t<\/div>\n\t\t<\/div>\n\t\t\t\t<div class=\"elementor-column elementor-col-50 elementor-top-column elementor-element elementor-element-742b595\" data-id=\"742b595\" data-element_type=\"column\">\n\t\t\t<div class=\"elementor-widget-wrap elementor-element-populated\">\n\t\t\t\t\t\t<div class=\"elementor-element elementor-element-8183f73 elementor-widget elementor-widget-heading\" data-id=\"8183f73\" data-element_type=\"widget\" data-widget_type=\"heading.default\">\n\t\t\t\t<div class=\"elementor-widget-container\">\n\t\t\t\t\t<h2 class=\"elementor-heading-title elementor-size-default\">O nosso Foco \u00e9 sempre o paciente.<\/h2>\t\t\t\t<\/div>\n\t\t\t\t<\/div>\n\t\t\t\t<div class=\"elementor-element elementor-element-8363f04 elementor-widget elementor-widget-text-editor\" data-id=\"8363f04\" data-element_type=\"widget\" data-widget_type=\"text-editor.default\">\n\t\t\t\t<div class=\"elementor-widget-container\">\n\t\t\t\t\t\t\t\t\t<p>Centralizar e disponibilizar aos pacientes as principais especialidades m\u00e9dicas e multidisciplinares, garantindo resultados tang\u00edveis na qualidade de atendimento, satisfa\u00e7\u00e3o e experi\u00eancia do paciente e fam\u00edlia.<\/p>\t\t\t\t\t\t\t\t<\/div>\n\t\t\t\t<\/div>\n\t\t\t\t\t<\/div>\n\t\t<\/div>\n\t\t\t\t\t<\/div>\n\t\t<\/section>\n\t\t\t\t<section class=\"elementor-section elementor-top-section elementor-element elementor-element-2a84691 elementor-section-stretched elementor-section-boxed elementor-section-height-default elementor-section-height-default\" data-id=\"2a84691\" data-element_type=\"section\" data-settings=\"{&quot;stretch_section&quot;:&quot;section-stretched&quot;,&quot;background_background&quot;:&quot;classic&quot;}\">\n\t\t\t\t\t\t<div class=\"elementor-container elementor-column-gap-no\">\n\t\t\t\t\t<div class=\"elementor-column elementor-col-50 elementor-top-column elementor-element elementor-element-2e1b89a\" data-id=\"2e1b89a\" data-element_type=\"column\">\n\t\t\t<div class=\"elementor-widget-wrap elementor-element-populated\">\n\t\t\t\t\t\t<section class=\"elementor-section elementor-inner-section elementor-element elementor-element-9bacb90 elementor-section-boxed elementor-section-height-default elementor-section-height-default\" data-id=\"9bacb90\" data-element_type=\"section\">\n\t\t\t\t\t\t<div class=\"elementor-container elementor-column-gap-default\">\n\t\t\t\t\t<div class=\"elementor-column elementor-col-100 elementor-inner-column elementor-element elementor-element-ee735fa\" data-id=\"ee735fa\" data-element_type=\"column\">\n\t\t\t<div class=\"elementor-widget-wrap elementor-element-populated\">\n\t\t\t\t\t\t<div class=\"elementor-element elementor-element-3e0d20c elementor-widget elementor-widget-heading\" data-id=\"3e0d20c\" data-element_type=\"widget\" data-widget_type=\"heading.default\">\n\t\t\t\t<div class=\"elementor-widget-container\">\n\t\t\t\t\t<h3 class=\"elementor-heading-title elementor-size-default\">Vis\u00e3o<\/h3>\t\t\t\t<\/div>\n\t\t\t\t<\/div>\n\t\t\t\t<div class=\"elementor-element elementor-element-96672ae elementor-widget elementor-widget-text-editor\" data-id=\"96672ae\" data-element_type=\"widget\" data-widget_type=\"text-editor.default\">\n\t\t\t\t<div class=\"elementor-widget-container\">\n\t\t\t\t\t\t\t\t\t<p>Ser um centro oncol\u00f3gico de excel\u00eancia na gest\u00e3o personalizada, com foco no resultado assistencial e na sustentabilidade.<\/p>\t\t\t\t\t\t\t\t<\/div>\n\t\t\t\t<\/div>\n\t\t\t\t\t<\/div>\n\t\t<\/div>\n\t\t\t\t\t<\/div>\n\t\t<\/section>\n\t\t\t\t<div class=\"elementor-element elementor-element-2765c79 elementor-widget-divider--view-line elementor-widget elementor-widget-divider\" data-id=\"2765c79\" data-element_type=\"widget\" data-widget_type=\"divider.default\">\n\t\t\t\t<div class=\"elementor-widget-container\">\n\t\t\t\t\t\t\t<div class=\"elementor-divider\">\n\t\t\t<span class=\"elementor-divider-separator\">\n\t\t\t\t\t\t<\/span>\n\t\t<\/div>\n\t\t\t\t\t\t<\/div>\n\t\t\t\t<\/div>\n\t\t\t\t<section class=\"elementor-section elementor-inner-section elementor-element elementor-element-8df657c elementor-section-boxed elementor-section-height-default elementor-section-height-default\" data-id=\"8df657c\" data-element_type=\"section\">\n\t\t\t\t\t\t<div class=\"elementor-container elementor-column-gap-default\">\n\t\t\t\t\t<div class=\"elementor-column elementor-col-100 elementor-inner-column elementor-element elementor-element-d78a026\" data-id=\"d78a026\" data-element_type=\"column\">\n\t\t\t<div class=\"elementor-widget-wrap elementor-element-populated\">\n\t\t\t\t\t\t<div class=\"elementor-element elementor-element-0614e20 elementor-widget elementor-widget-heading\" data-id=\"0614e20\" data-element_type=\"widget\" data-widget_type=\"heading.default\">\n\t\t\t\t<div class=\"elementor-widget-container\">\n\t\t\t\t\t<h3 class=\"elementor-heading-title elementor-size-default\">Miss\u00e3o<\/h3>\t\t\t\t<\/div>\n\t\t\t\t<\/div>\n\t\t\t\t<div class=\"elementor-element elementor-element-3e3a77d elementor-widget elementor-widget-text-editor\" data-id=\"3e3a77d\" data-element_type=\"widget\" data-widget_type=\"text-editor.default\">\n\t\t\t\t<div class=\"elementor-widget-container\">\n\t\t\t\t\t\t\t\t\t<p>Acolher pacientes e familiares oferecendo assist\u00eancia integral no cuidado.<\/p>\t\t\t\t\t\t\t\t<\/div>\n\t\t\t\t<\/div>\n\t\t\t\t\t<\/div>\n\t\t<\/div>\n\t\t\t\t\t<\/div>\n\t\t<\/section>\n\t\t\t\t\t<\/div>\n\t\t<\/div>\n\t\t\t\t<div class=\"elementor-column elementor-col-50 elementor-top-column elementor-element elementor-element-3b36cf1\" data-id=\"3b36cf1\" data-element_type=\"column\">\n\t\t\t<div class=\"elementor-widget-wrap elementor-element-populated\">\n\t\t\t\t\t\t<div class=\"elementor-element elementor-element-e7fdd89 elementor-widget elementor-widget-image\" data-id=\"e7fdd89\" data-element_type=\"widget\" data-widget_type=\"image.default\">\n\t\t\t\t<div class=\"elementor-widget-container\">\n\t\t\t\t\t\t\t\t\t\t\t\t\t\t\t<img decoding=\"async\" width=\"641\" height=\"382\" src=\"https:\/\/teste.hemomed.com.br\/ipc\/wp-content\/uploads\/2024\/01\/ipc-cultura.jpg\" class=\"attachment-full size-full wp-image-6697\" alt=\"\" srcset=\"https:\/\/teste.hemomed.com.br\/ipc\/wp-content\/uploads\/2024\/01\/ipc-cultura.jpg 641w, https:\/\/teste.hemomed.com.br\/ipc\/wp-content\/uploads\/2024\/01\/ipc-cultura-300x179.jpg 300w, https:\/\/teste.hemomed.com.br\/ipc\/wp-content\/uploads\/2024\/01\/ipc-cultura-600x358.jpg 600w\" sizes=\"(max-width: 641px) 100vw, 641px\" \/>\t\t\t\t\t\t\t\t\t\t\t\t\t\t\t<\/div>\n\t\t\t\t<\/div>\n\t\t\t\t\t<\/div>\n\t\t<\/div>\n\t\t\t\t\t<\/div>\n\t\t<\/section>\n\t\t\t\t<section class=\"elementor-section elementor-top-section elementor-element elementor-element-05355ca elementor-section-stretched elementor-section-boxed elementor-section-height-default elementor-section-height-default\" data-id=\"05355ca\" data-element_type=\"section\" data-settings=\"{&quot;stretch_section&quot;:&quot;section-stretched&quot;,&quot;background_background&quot;:&quot;classic&quot;}\">\n\t\t\t\t\t\t<div class=\"elementor-container elementor-column-gap-default\">\n\t\t\t\t\t<div class=\"elementor-column elementor-col-100 elementor-top-column elementor-element elementor-element-290bab7\" data-id=\"290bab7\" data-element_type=\"column\">\n\t\t\t<div class=\"elementor-widget-wrap elementor-element-populated\">\n\t\t\t\t\t\t<div class=\"elementor-element elementor-element-3159edb9 elementor-widget elementor-widget-rt-title\" data-id=\"3159edb9\" data-element_type=\"widget\" data-settings=\"{&quot;_animation&quot;:&quot;none&quot;}\" data-widget_type=\"rt-title.default\">\n\t\t\t\t<div class=\"elementor-widget-container\">\n\t\t\t\t\t\r\n\t\t<div class=\"rt-el-title section-heading heading-dark text-center heading-layout1 style1 theme2\">\t\t\r\n\t\t\t\t\t\t\t<p class=\"rtin-subtitle\">Nossas Especialidades<\/p>\r\n\t\t\t\t\t\t<h2 class=\"rtin-title\">Oferecemos aos nossos pacientes, os tratamentos mais eficazes contra o c\u00e2ncer.<\/h2>\r\n\t\t<\/div>\r\n\t\t\t\t<\/div>\n\t\t\t\t<\/div>\n\t\t\t\t\t<\/div>\n\t\t<\/div>\n\t\t\t\t\t<\/div>\n\t\t<\/section>\n\t\t\t\t<\/div>\n\t\t","protected":false},"excerpt":{"rendered":"<p>O nosso Foco \u00e9 sempre o paciente. Centralizar e disponibilizar aos pacientes as principais especialidades m\u00e9dicas e multidisciplinares, garantindo resultados tang\u00edveis na qualidade de atendimento, satisfa\u00e7\u00e3o e experi\u00eancia do paciente e fam\u00edlia. Vis\u00e3o Ser um centro oncol\u00f3gico de excel\u00eancia na gest\u00e3o personalizada, com foco no resultado assistencial e na sustentabilidade. Miss\u00e3o Acolher pacientes e familiares&#8230;<\/p>\n","protected":false},"author":1,"featured_media":0,"parent":0,"menu_order":0,"comment_status":"closed","ping_status":"closed","template":"","meta":{"footnotes":""},"class_list":["post-6687","page","type-page","status-publish","hentry"],"yoast_head":"<!-- This site is optimized with the Yoast SEO Premium plugin v21.4 (Yoast SEO v27.2) - https:\/\/yoast.com\/product\/yoast-seo-premium-wordpress\/ -->\n<title>IPC - Nossa Cultura - IPC<\/title>\n<meta name=\"robots\" content=\"index, follow, max-snippet:-1, max-image-preview:large, max-video-preview:-1\" \/>\n<link rel=\"canonical\" href=\"https:\/\/teste.hemomed.com.br\/ipc\/nossa-cultura\/\" \/>\n<meta property=\"og:locale\" content=\"pt_BR\" \/>\n<meta property=\"og:type\" content=\"article\" \/>\n<meta property=\"og:title\" content=\"IPC - Nossa Cultura\" \/>\n<meta property=\"og:description\" content=\"O nosso Foco \u00e9 sempre o paciente. Centralizar e disponibilizar aos pacientes as principais especialidades m\u00e9dicas e multidisciplinares, garantindo resultados tang\u00edveis na qualidade de atendimento, satisfa\u00e7\u00e3o e experi\u00eancia do paciente e fam\u00edlia. Vis\u00e3o Ser um centro oncol\u00f3gico de excel\u00eancia na gest\u00e3o personalizada, com foco no resultado assistencial e na sustentabilidade. Miss\u00e3o Acolher pacientes e familiares...\" \/>\n<meta property=\"og:url\" content=\"https:\/\/teste.hemomed.com.br\/ipc\/nossa-cultura\/\" \/>\n<meta property=\"og:site_name\" content=\"IPC\" \/>\n<meta property=\"article:modified_time\" content=\"2024-04-03T15:44:18+00:00\" \/>\n<meta property=\"og:image\" content=\"https:\/\/teste.hemomed.com.br\/ipc\/wp-content\/uploads\/2024\/01\/ipc-cultura-2.jpg\" \/>\n<meta name=\"twitter:card\" content=\"summary_large_image\" \/>\n<!-- \/ Yoast SEO Premium plugin. -->","yoast_head_json":{"title":"IPC - Nossa Cultura - IPC","robots":{"index":"index","follow":"follow","max-snippet":"max-snippet:-1","max-image-preview":"max-image-preview:large","max-video-preview":"max-video-preview:-1"},"canonical":"https:\/\/teste.hemomed.com.br\/ipc\/nossa-cultura\/","og_locale":"pt_BR","og_type":"article","og_title":"IPC - Nossa Cultura","og_description":"O nosso Foco \u00e9 sempre o paciente. Centralizar e disponibilizar aos pacientes as principais especialidades m\u00e9dicas e multidisciplinares, garantindo resultados tang\u00edveis na qualidade de atendimento, satisfa\u00e7\u00e3o e experi\u00eancia do paciente e fam\u00edlia. Vis\u00e3o Ser um centro oncol\u00f3gico de excel\u00eancia na gest\u00e3o personalizada, com foco no resultado assistencial e na sustentabilidade. Miss\u00e3o Acolher pacientes e familiares...","og_url":"https:\/\/teste.hemomed.com.br\/ipc\/nossa-cultura\/","og_site_name":"IPC","article_modified_time":"2024-04-03T15:44:18+00:00","og_image":[{"url":"https:\/\/teste.hemomed.com.br\/ipc\/wp-content\/uploads\/2024\/01\/ipc-cultura-2.jpg","type":"","width":"","height":""}],"twitter_card":"summary_large_image","schema":{"@context":"https:\/\/schema.org","@graph":[]}},"_links":{"self":[{"href":"https:\/\/teste.hemomed.com.br\/ipc\/wp-json\/wp\/v2\/pages\/6687","targetHints":{"allow":["GET"]}}],"collection":[{"href":"https:\/\/teste.hemomed.com.br\/ipc\/wp-json\/wp\/v2\/pages"}],"about":[{"href":"https:\/\/teste.hemomed.com.br\/ipc\/wp-json\/wp\/v2\/types\/page"}],"author":[{"embeddable":true,"href":"https:\/\/teste.hemomed.com.br\/ipc\/wp-json\/wp\/v2\/users\/1"}],"replies":[{"embeddable":true,"href":"https:\/\/teste.hemomed.com.br\/ipc\/wp-json\/wp\/v2\/comments?post=6687"}],"version-history":[{"count":13,"href":"https:\/\/teste.hemomed.com.br\/ipc\/wp-json\/wp\/v2\/pages\/6687\/revisions"}],"predecessor-version":[{"id":6971,"href":"https:\/\/teste.hemomed.com.br\/ipc\/wp-json\/wp\/v2\/pages\/6687\/revisions\/6971"}],"wp:attachment":[{"href":"https:\/\/teste.hemomed.com.br\/ipc\/wp-json\/wp\/v2\/media?parent=6687"}],"curies":[{"name":"wp","href":"https:\/\/api.w.org\/{rel}","templated":true}]}}