{"id":6746,"date":"2024-01-04T12:54:12","date_gmt":"2024-01-04T12:54:12","guid":{"rendered":"https:\/\/teste.hemomed.com.br\/ipc\/contact-copy\/"},"modified":"2024-04-18T20:45:40","modified_gmt":"2024-04-18T20:45:40","slug":"contato","status":"publish","type":"page","link":"https:\/\/teste.hemomed.com.br\/ipc\/contato\/","title":{"rendered":"IPC &#8211; Contato"},"content":{"rendered":"\t\t<div data-elementor-type=\"wp-post\" data-elementor-id=\"6746\" class=\"elementor elementor-6746\" data-elementor-post-type=\"page\">\n\t\t\t\t\t\t<section class=\"elementor-section elementor-top-section elementor-element elementor-element-c4c7a03 elementor-section-boxed elementor-section-height-default elementor-section-height-default\" data-id=\"c4c7a03\" data-element_type=\"section\">\n\t\t\t\t\t\t<div class=\"elementor-container elementor-column-gap-default\">\n\t\t\t\t\t<div class=\"elementor-column elementor-col-100 elementor-top-column elementor-element elementor-element-69c0afe\" data-id=\"69c0afe\" data-element_type=\"column\">\n\t\t\t<div class=\"elementor-widget-wrap elementor-element-populated\">\n\t\t\t\t\t\t<div class=\"elementor-element elementor-element-d130ce1 elementor-cta--layout-image-left elementor-cta--skin-classic elementor-animated-content elementor-bg-transform elementor-bg-transform-zoom-in elementor-widget elementor-widget-call-to-action\" data-id=\"d130ce1\" data-element_type=\"widget\" data-widget_type=\"call-to-action.default\">\n\t\t\t\t<div class=\"elementor-widget-container\">\n\t\t\t\t\t\t\t<div class=\"elementor-cta\">\n\t\t\t\t\t<div class=\"elementor-cta__bg-wrapper\">\n\t\t\t\t<div class=\"elementor-cta__bg elementor-bg\" style=\"background-image: url(https:\/\/teste.hemomed.com.br\/ipc\/wp-content\/uploads\/2024\/01\/slider-ipc-modelo-1-cultura-1024x373.jpg);\" role=\"img\" aria-label=\"slider-ipc-modelo-1-cultura\"><\/div>\n\t\t\t\t<div class=\"elementor-cta__bg-overlay\"><\/div>\n\t\t\t<\/div>\n\t\t\t\t\t\t\t<div class=\"elementor-cta__content\">\n\t\t\t\t\n\t\t\t\t\t\t\t\t\t<h2 class=\"elementor-cta__title elementor-cta__content-item elementor-content-item\">\n\t\t\t\t\t\tD\u00daVIDAS E MARCA\u00c7\u00c3O DE CONSULTAS\t\t\t\t\t<\/h2>\n\t\t\t\t\n\t\t\t\t\t\t\t\t\t<div class=\"elementor-cta__description elementor-cta__content-item elementor-content-item\">\n\t\t\t\t\t\tEscolha uma de nossas unidades e fale com nossa central de atendimento.\t\t\t\t\t<\/div>\n\t\t\t\t\n\t\t\t\t\t\t\t\t\t<div class=\"elementor-cta__button-wrapper elementor-cta__content-item elementor-content-item \">\n\t\t\t\t\t<a class=\"elementor-cta__button elementor-button elementor-size-\" href=\"https:\/\/bit.ly\/3vSbOgK\">\n\t\t\t\t\t\tFale com nosso atendimento on-line\t\t\t\t\t<\/a>\n\t\t\t\t\t<\/div>\n\t\t\t\t\t\t\t<\/div>\n\t\t\t\t\t\t<\/div>\n\t\t\t\t\t\t<\/div>\n\t\t\t\t<\/div>\n\t\t\t\t\t<\/div>\n\t\t<\/div>\n\t\t\t\t\t<\/div>\n\t\t<\/section>\n\t\t\t\t<section class=\"elementor-section elementor-top-section elementor-element elementor-element-64b3faf elementor-section-boxed elementor-section-height-default elementor-section-height-default\" data-id=\"64b3faf\" data-element_type=\"section\" id=\"contato_estrutura\">\n\t\t\t\t\t\t<div class=\"elementor-container elementor-column-gap-default\">\n\t\t\t\t\t<div class=\"elementor-column elementor-col-100 elementor-top-column elementor-element elementor-element-1250058\" data-id=\"1250058\" data-element_type=\"column\">\n\t\t\t<div class=\"elementor-widget-wrap elementor-element-populated\">\n\t\t\t\t\t\t<div class=\"elementor-element elementor-element-992b891 elementor-widget elementor-widget-heading\" data-id=\"992b891\" data-element_type=\"widget\" data-widget_type=\"heading.default\">\n\t\t\t\t<div class=\"elementor-widget-container\">\n\t\t\t\t\t<h2 class=\"elementor-heading-title elementor-size-default\">Em nossas unidades temos tudo o que \u00e9 necess\u00e1rio para oferecer a melhor medicina integrativa especializada.<\/h2>\t\t\t\t<\/div>\n\t\t\t\t<\/div>\n\t\t\t\t\t<\/div>\n\t\t<\/div>\n\t\t\t\t\t<\/div>\n\t\t<\/section>\n\t\t\t\t<section class=\"elementor-section elementor-top-section elementor-element elementor-element-be8a286 elementor-section-content-top elementor-section-boxed elementor-section-height-default elementor-section-height-default\" data-id=\"be8a286\" data-element_type=\"section\">\n\t\t\t\t\t\t<div class=\"elementor-container elementor-column-gap-extended\">\n\t\t\t\t\t<div class=\"elementor-column elementor-col-25 elementor-top-column elementor-element elementor-element-6868b37\" data-id=\"6868b37\" data-element_type=\"column\">\n\t\t\t<div class=\"elementor-widget-wrap elementor-element-populated\">\n\t\t\t\t\t\t<div class=\"elementor-element elementor-element-f451e82 elementor-widget elementor-widget-image\" data-id=\"f451e82\" data-element_type=\"widget\" data-widget_type=\"image.default\">\n\t\t\t\t<div class=\"elementor-widget-container\">\n\t\t\t\t\t\t\t\t\t\t\t\t\t\t\t\t<a href=\"https:\/\/teste.hemomed.com.br\/ipc\/unidade-ipc-angelica\/\">\n\t\t\t\t\t\t\t<img fetchpriority=\"high\" decoding=\"async\" width=\"315\" height=\"315\" src=\"https:\/\/teste.hemomed.com.br\/ipc\/wp-content\/uploads\/2024\/04\/ipc-unidade-angelica-5.jpg\" class=\"attachment-large size-large wp-image-7022\" alt=\"\" srcset=\"https:\/\/teste.hemomed.com.br\/ipc\/wp-content\/uploads\/2024\/04\/ipc-unidade-angelica-5.jpg 315w, https:\/\/teste.hemomed.com.br\/ipc\/wp-content\/uploads\/2024\/04\/ipc-unidade-angelica-5-300x300.jpg 300w, https:\/\/teste.hemomed.com.br\/ipc\/wp-content\/uploads\/2024\/04\/ipc-unidade-angelica-5-150x150.jpg 150w, https:\/\/teste.hemomed.com.br\/ipc\/wp-content\/uploads\/2024\/04\/ipc-unidade-angelica-5-230x230.jpg 230w, https:\/\/teste.hemomed.com.br\/ipc\/wp-content\/uploads\/2024\/04\/ipc-unidade-angelica-5-70x70.jpg 70w\" sizes=\"(max-width: 315px) 100vw, 315px\" \/>\t\t\t\t\t\t\t\t<\/a>\n\t\t\t\t\t\t\t\t\t\t\t\t\t\t\t<\/div>\n\t\t\t\t<\/div>\n\t\t\t\t<div class=\"elementor-element elementor-element-3b8656f elementor-widget elementor-widget-rt-title\" data-id=\"3b8656f\" data-element_type=\"widget\" data-widget_type=\"rt-title.default\">\n\t\t\t\t<div class=\"elementor-widget-container\">\n\t\t\t\t\t\r\n<div class=\"section-heading heading-dark text-left heading-layout1\">\r\n    <h2 class=\"rtin-title\">Unidade Higien\u00f3polis<\/h2>\r\n     <\/div>\t\t\t\t<\/div>\n\t\t\t\t<\/div>\n\t\t\t\t<div class=\"elementor-element elementor-element-8e2a4b6 elementor-widget elementor-widget-rt-contact\" data-id=\"8e2a4b6\" data-element_type=\"widget\" data-widget_type=\"rt-contact.default\">\n\t\t\t\t<div class=\"elementor-widget-container\">\n\t\t\t\t\t\r\n<div class=\"rt-el-contact\">\r\n\t<ul>\r\n\t\t<li><i class=\"fas fa-map-marker\"><\/i> Avenida Ang\u00e9lica, 2503<br>Higien\u00f3polis - S\u00e3o Paulo<\/li><li><i class=\"fas fa-phone-square\"><\/i> <a href=\"tel:11 3797-3000\">11 3797-3000<\/a><\/li>\t<\/ul>\r\n<\/div>\t\t\t\t<\/div>\n\t\t\t\t<\/div>\n\t\t\t\t\t<\/div>\n\t\t<\/div>\n\t\t\t\t<div class=\"elementor-column elementor-col-25 elementor-top-column elementor-element elementor-element-6ea62de\" data-id=\"6ea62de\" data-element_type=\"column\">\n\t\t\t<div class=\"elementor-widget-wrap elementor-element-populated\">\n\t\t\t\t\t\t<div class=\"elementor-element elementor-element-49a47bf elementor-widget elementor-widget-image\" data-id=\"49a47bf\" data-element_type=\"widget\" data-widget_type=\"image.default\">\n\t\t\t\t<div class=\"elementor-widget-container\">\n\t\t\t\t\t\t\t\t\t\t\t\t\t\t\t\t<a href=\"https:\/\/teste.hemomed.com.br\/ipc\/unidade-ipc-mooca\/\">\n\t\t\t\t\t\t\t<img decoding=\"async\" width=\"315\" height=\"315\" src=\"https:\/\/teste.hemomed.com.br\/ipc\/wp-content\/uploads\/2024\/01\/ipc-unidade-mooca.jpg\" class=\"attachment-large size-large wp-image-6798\" alt=\"\" srcset=\"https:\/\/teste.hemomed.com.br\/ipc\/wp-content\/uploads\/2024\/01\/ipc-unidade-mooca.jpg 315w, https:\/\/teste.hemomed.com.br\/ipc\/wp-content\/uploads\/2024\/01\/ipc-unidade-mooca-300x300.jpg 300w, https:\/\/teste.hemomed.com.br\/ipc\/wp-content\/uploads\/2024\/01\/ipc-unidade-mooca-150x150.jpg 150w, https:\/\/teste.hemomed.com.br\/ipc\/wp-content\/uploads\/2024\/01\/ipc-unidade-mooca-230x230.jpg 230w, https:\/\/teste.hemomed.com.br\/ipc\/wp-content\/uploads\/2024\/01\/ipc-unidade-mooca-70x70.jpg 70w, https:\/\/teste.hemomed.com.br\/ipc\/wp-content\/uploads\/2024\/01\/ipc-unidade-mooca-100x100.jpg 100w\" sizes=\"(max-width: 315px) 100vw, 315px\" \/>\t\t\t\t\t\t\t\t<\/a>\n\t\t\t\t\t\t\t\t\t\t\t\t\t\t\t<\/div>\n\t\t\t\t<\/div>\n\t\t\t\t<div class=\"elementor-element elementor-element-ab5a4b1 elementor-widget elementor-widget-rt-title\" data-id=\"ab5a4b1\" data-element_type=\"widget\" data-widget_type=\"rt-title.default\">\n\t\t\t\t<div class=\"elementor-widget-container\">\n\t\t\t\t\t\r\n<div class=\"section-heading heading-dark text-left heading-layout1\">\r\n    <h2 class=\"rtin-title\">Unidade Mooca<\/h2>\r\n     <\/div>\t\t\t\t<\/div>\n\t\t\t\t<\/div>\n\t\t\t\t<div class=\"elementor-element elementor-element-4f3b051 elementor-widget elementor-widget-rt-contact\" data-id=\"4f3b051\" data-element_type=\"widget\" data-widget_type=\"rt-contact.default\">\n\t\t\t\t<div class=\"elementor-widget-container\">\n\t\t\t\t\t\r\n<div class=\"rt-el-contact\">\r\n\t<ul>\r\n\t\t<li><i class=\"fas fa-map-marker\"><\/i> Rua Lituania, 197<br>Mooca - S\u00e3o Paulo<\/li><li><i class=\"fas fa-phone-square\"><\/i> <a href=\"tel:11 2369-5651\">11 2369-5651<\/a><\/li>\t<\/ul>\r\n<\/div>\t\t\t\t<\/div>\n\t\t\t\t<\/div>\n\t\t\t\t\t<\/div>\n\t\t<\/div>\n\t\t\t\t<div class=\"elementor-column elementor-col-25 elementor-top-column elementor-element elementor-element-1d242fd\" data-id=\"1d242fd\" data-element_type=\"column\">\n\t\t\t<div class=\"elementor-widget-wrap elementor-element-populated\">\n\t\t\t\t\t\t<div class=\"elementor-element elementor-element-517ac7b elementor-widget elementor-widget-image\" data-id=\"517ac7b\" data-element_type=\"widget\" data-widget_type=\"image.default\">\n\t\t\t\t<div class=\"elementor-widget-container\">\n\t\t\t\t\t\t\t\t\t\t\t\t\t\t\t\t<a href=\"https:\/\/teste.hemomed.com.br\/ipc\/unidade-ipc-alphaville\">\n\t\t\t\t\t\t\t<img decoding=\"async\" width=\"315\" height=\"315\" src=\"https:\/\/teste.hemomed.com.br\/ipc\/wp-content\/uploads\/2024\/01\/ipc-unidade-alphaville.jpg\" class=\"attachment-large size-large wp-image-6796\" alt=\"\" srcset=\"https:\/\/teste.hemomed.com.br\/ipc\/wp-content\/uploads\/2024\/01\/ipc-unidade-alphaville.jpg 315w, https:\/\/teste.hemomed.com.br\/ipc\/wp-content\/uploads\/2024\/01\/ipc-unidade-alphaville-300x300.jpg 300w, https:\/\/teste.hemomed.com.br\/ipc\/wp-content\/uploads\/2024\/01\/ipc-unidade-alphaville-150x150.jpg 150w, https:\/\/teste.hemomed.com.br\/ipc\/wp-content\/uploads\/2024\/01\/ipc-unidade-alphaville-230x230.jpg 230w, https:\/\/teste.hemomed.com.br\/ipc\/wp-content\/uploads\/2024\/01\/ipc-unidade-alphaville-70x70.jpg 70w, https:\/\/teste.hemomed.com.br\/ipc\/wp-content\/uploads\/2024\/01\/ipc-unidade-alphaville-100x100.jpg 100w\" sizes=\"(max-width: 315px) 100vw, 315px\" \/>\t\t\t\t\t\t\t\t<\/a>\n\t\t\t\t\t\t\t\t\t\t\t\t\t\t\t<\/div>\n\t\t\t\t<\/div>\n\t\t\t\t<div class=\"elementor-element elementor-element-894eacf elementor-widget elementor-widget-rt-title\" data-id=\"894eacf\" data-element_type=\"widget\" data-widget_type=\"rt-title.default\">\n\t\t\t\t<div class=\"elementor-widget-container\">\n\t\t\t\t\t\r\n<div class=\"section-heading heading-dark text-left heading-layout1\">\r\n    <h2 class=\"rtin-title\">Unidade Alphaville<\/h2>\r\n     <\/div>\t\t\t\t<\/div>\n\t\t\t\t<\/div>\n\t\t\t\t<div class=\"elementor-element elementor-element-d333d48 elementor-widget elementor-widget-rt-contact\" data-id=\"d333d48\" data-element_type=\"widget\" data-widget_type=\"rt-contact.default\">\n\t\t\t\t<div class=\"elementor-widget-container\">\n\t\t\t\t\t\r\n<div class=\"rt-el-contact\">\r\n\t<ul>\r\n\t\t<li><i class=\"fas fa-map-marker\"><\/i> Avenida Copacabana, 112<br>Barueri \u2013 SP<\/li><li><i class=\"fas fa-phone-square\"><\/i> <a href=\"tel:11 4166-4300\">11 4166-4300<\/a><\/li>\t<\/ul>\r\n<\/div>\t\t\t\t<\/div>\n\t\t\t\t<\/div>\n\t\t\t\t\t<\/div>\n\t\t<\/div>\n\t\t\t\t<div class=\"elementor-column elementor-col-25 elementor-top-column elementor-element elementor-element-0638984\" data-id=\"0638984\" data-element_type=\"column\">\n\t\t\t<div class=\"elementor-widget-wrap elementor-element-populated\">\n\t\t\t\t\t\t<div class=\"elementor-element elementor-element-d5dc4b1 elementor-widget elementor-widget-image\" data-id=\"d5dc4b1\" data-element_type=\"widget\" data-widget_type=\"image.default\">\n\t\t\t\t<div class=\"elementor-widget-container\">\n\t\t\t\t\t\t\t\t\t\t\t\t\t\t\t\t<a href=\"https:\/\/teste.hemomed.com.br\/ipc\/unidade-ipc-osasco\/\">\n\t\t\t\t\t\t\t<img loading=\"lazy\" decoding=\"async\" width=\"315\" height=\"315\" src=\"https:\/\/teste.hemomed.com.br\/ipc\/wp-content\/uploads\/2024\/01\/ipc-unidade-osasco.jpg\" class=\"attachment-large size-large wp-image-6799\" alt=\"\" srcset=\"https:\/\/teste.hemomed.com.br\/ipc\/wp-content\/uploads\/2024\/01\/ipc-unidade-osasco.jpg 315w, https:\/\/teste.hemomed.com.br\/ipc\/wp-content\/uploads\/2024\/01\/ipc-unidade-osasco-300x300.jpg 300w, https:\/\/teste.hemomed.com.br\/ipc\/wp-content\/uploads\/2024\/01\/ipc-unidade-osasco-150x150.jpg 150w, https:\/\/teste.hemomed.com.br\/ipc\/wp-content\/uploads\/2024\/01\/ipc-unidade-osasco-230x230.jpg 230w, https:\/\/teste.hemomed.com.br\/ipc\/wp-content\/uploads\/2024\/01\/ipc-unidade-osasco-70x70.jpg 70w, https:\/\/teste.hemomed.com.br\/ipc\/wp-content\/uploads\/2024\/01\/ipc-unidade-osasco-100x100.jpg 100w\" sizes=\"(max-width: 315px) 100vw, 315px\" \/>\t\t\t\t\t\t\t\t<\/a>\n\t\t\t\t\t\t\t\t\t\t\t\t\t\t\t<\/div>\n\t\t\t\t<\/div>\n\t\t\t\t<div class=\"elementor-element elementor-element-9593dce elementor-widget elementor-widget-rt-title\" data-id=\"9593dce\" data-element_type=\"widget\" data-widget_type=\"rt-title.default\">\n\t\t\t\t<div class=\"elementor-widget-container\">\n\t\t\t\t\t\r\n<div class=\"section-heading heading-dark text-left heading-layout1\">\r\n    <h2 class=\"rtin-title\">Unidade Osasco<\/h2>\r\n     <\/div>\t\t\t\t<\/div>\n\t\t\t\t<\/div>\n\t\t\t\t<div class=\"elementor-element elementor-element-1dc5eb1 elementor-widget elementor-widget-rt-contact\" data-id=\"1dc5eb1\" data-element_type=\"widget\" data-widget_type=\"rt-contact.default\">\n\t\t\t\t<div class=\"elementor-widget-container\">\n\t\t\t\t\t\r\n<div class=\"rt-el-contact\">\r\n\t<ul>\r\n\t\t<li><i class=\"fas fa-map-marker\"><\/i> Av. Jo\u00e3o Batista, 1081<br>Centro, Osasco<\/li><li><i class=\"fas fa-phone-square\"><\/i> <a href=\"tel:11 4624-6666\">11 4624-6666<\/a><\/li>\t<\/ul>\r\n<\/div>\t\t\t\t<\/div>\n\t\t\t\t<\/div>\n\t\t\t\t\t<\/div>\n\t\t<\/div>\n\t\t\t\t\t<\/div>\n\t\t<\/section>\n\t\t\t\t<section class=\"elementor-section elementor-top-section elementor-element elementor-element-d3abdec elementor-section-boxed elementor-section-height-default elementor-section-height-default\" data-id=\"d3abdec\" data-element_type=\"section\">\n\t\t\t\t\t\t<div class=\"elementor-container elementor-column-gap-default\">\n\t\t\t\t\t<div class=\"elementor-column elementor-col-50 elementor-top-column elementor-element elementor-element-dc07001\" data-id=\"dc07001\" data-element_type=\"column\">\n\t\t\t<div class=\"elementor-widget-wrap elementor-element-populated\">\n\t\t\t\t\t\t<div class=\"elementor-element elementor-element-b1778b7 elementor-widget elementor-widget-rt-title\" data-id=\"b1778b7\" data-element_type=\"widget\" data-widget_type=\"rt-title.default\">\n\t\t\t\t<div class=\"elementor-widget-container\">\n\t\t\t\t\t\r\n<div class=\"section-heading heading-dark text-left heading-layout1\">\r\n    <h2 class=\"rtin-title\">Se preferir, envie-nos um e-mail<\/h2>\r\n     <\/div>\t\t\t\t<\/div>\n\t\t\t\t<\/div>\n\t\t\t\t<div class=\"elementor-element elementor-element-354bceb elementor-widget elementor-widget-shortcode\" data-id=\"354bceb\" data-element_type=\"widget\" data-widget_type=\"shortcode.default\">\n\t\t\t\t<div class=\"elementor-widget-container\">\n\t\t\t\t\t\t\t<div class=\"elementor-shortcode\">\n<div class=\"wpcf7 no-js\" id=\"wpcf7-f5-o1\" lang=\"en-US\" dir=\"ltr\" data-wpcf7-id=\"5\">\n<div class=\"screen-reader-response\"><p role=\"status\" aria-live=\"polite\" aria-atomic=\"true\"><\/p> <ul><\/ul><\/div>\n<form action=\"\/ipc\/wp-json\/wp\/v2\/pages\/6746#wpcf7-f5-o1\" method=\"post\" class=\"wpcf7-form init\" aria-label=\"Contact form\" novalidate=\"novalidate\" data-status=\"init\">\n<div style=\"display: none;\">\n<input type=\"hidden\" name=\"_wpcf7\" value=\"5\" \/>\n<input type=\"hidden\" name=\"_wpcf7_version\" value=\"6.0.6\" \/>\n<input type=\"hidden\" name=\"_wpcf7_locale\" value=\"en_US\" \/>\n<input type=\"hidden\" name=\"_wpcf7_unit_tag\" value=\"wpcf7-f5-o1\" \/>\n<input type=\"hidden\" name=\"_wpcf7_container_post\" value=\"0\" \/>\n<input type=\"hidden\" name=\"_wpcf7_posted_data_hash\" value=\"\" \/>\n<\/div>\n<p><label> Seu Nome<br \/>\n<span class=\"wpcf7-form-control-wrap\" data-name=\"your-name\"><input size=\"40\" maxlength=\"400\" class=\"wpcf7-form-control wpcf7-text wpcf7-validates-as-required\" aria-required=\"true\" aria-invalid=\"false\" value=\"\" type=\"text\" name=\"your-name\" \/><\/span> <\/label>\n<\/p>\n<p><label> Insira o seu E-mail<br \/>\n<span class=\"wpcf7-form-control-wrap\" data-name=\"your-email\"><input size=\"40\" maxlength=\"400\" class=\"wpcf7-form-control wpcf7-email wpcf7-validates-as-required wpcf7-text wpcf7-validates-as-email\" aria-required=\"true\" aria-invalid=\"false\" value=\"\" type=\"email\" name=\"your-email\" \/><\/span> <\/label>\n<\/p>\n<p><label> Assunto<br \/>\n<span class=\"wpcf7-form-control-wrap\" data-name=\"your-subject\"><input size=\"40\" maxlength=\"400\" class=\"wpcf7-form-control wpcf7-text\" aria-invalid=\"false\" value=\"\" type=\"text\" name=\"your-subject\" \/><\/span> <\/label>\n<\/p>\n<p><label> Escreva aqui a sua mensagem<br \/>\n<span class=\"wpcf7-form-control-wrap\" data-name=\"your-message\"><textarea cols=\"40\" rows=\"10\" maxlength=\"2000\" class=\"wpcf7-form-control wpcf7-textarea\" aria-invalid=\"false\" name=\"your-message\"><\/textarea><\/span> <\/label>\n<\/p>\n<p><input class=\"wpcf7-form-control wpcf7-submit has-spinner\" type=\"submit\" value=\"Send\" \/>\n<\/p><div class=\"wpcf7-response-output\" aria-hidden=\"true\"><\/div>\n<\/form>\n<\/div>\n<\/div>\n\t\t\t\t\t\t<\/div>\n\t\t\t\t<\/div>\n\t\t\t\t\t<\/div>\n\t\t<\/div>\n\t\t\t\t<div class=\"elementor-column elementor-col-50 elementor-top-column elementor-element elementor-element-d26f28a\" data-id=\"d26f28a\" data-element_type=\"column\">\n\t\t\t<div class=\"elementor-widget-wrap\">\n\t\t\t\t\t\t\t<\/div>\n\t\t<\/div>\n\t\t\t\t\t<\/div>\n\t\t<\/section>\n\t\t\t\t<\/div>\n\t\t","protected":false},"excerpt":{"rendered":"<p>D\u00daVIDAS E MARCA\u00c7\u00c3O DE CONSULTAS Escolha uma de nossas unidades e fale com nossa central de atendimento. Fale com nosso atendimento on-line Em nossas unidades temos tudo o que \u00e9 necess\u00e1rio para oferecer a melhor medicina integrativa especializada. Unidade Higien\u00f3polis Avenida Ang\u00e9lica, 2503Higien\u00f3polis &#8211; S\u00e3o Paulo 11 3797-3000 Unidade Mooca Rua Lituania, 197Mooca &#8211; S\u00e3o&#8230;<\/p>\n","protected":false},"author":1,"featured_media":0,"parent":0,"menu_order":0,"comment_status":"closed","ping_status":"closed","template":"","meta":{"footnotes":""},"class_list":["post-6746","page","type-page","status-publish","hentry"],"yoast_head":"<!-- This site is optimized with the Yoast SEO Premium plugin v21.4 (Yoast SEO v27.2) - https:\/\/yoast.com\/product\/yoast-seo-premium-wordpress\/ -->\n<title>IPC - Contato - IPC<\/title>\n<meta name=\"robots\" content=\"index, follow, max-snippet:-1, max-image-preview:large, max-video-preview:-1\" \/>\n<link rel=\"canonical\" href=\"https:\/\/teste.hemomed.com.br\/ipc\/contato\/\" \/>\n<meta property=\"og:locale\" content=\"pt_BR\" \/>\n<meta property=\"og:type\" content=\"article\" \/>\n<meta property=\"og:title\" content=\"IPC - Contato\" \/>\n<meta property=\"og:description\" content=\"D\u00daVIDAS E MARCA\u00c7\u00c3O DE CONSULTAS Escolha uma de nossas unidades e fale com nossa central de atendimento. Fale com nosso atendimento on-line Em nossas unidades temos tudo o que \u00e9 necess\u00e1rio para oferecer a melhor medicina integrativa especializada. Unidade Higien\u00f3polis Avenida Ang\u00e9lica, 2503Higien\u00f3polis &#8211; S\u00e3o Paulo 11 3797-3000 Unidade Mooca Rua Lituania, 197Mooca &#8211; S\u00e3o...\" \/>\n<meta property=\"og:url\" content=\"https:\/\/teste.hemomed.com.br\/ipc\/contato\/\" \/>\n<meta property=\"og:site_name\" content=\"IPC\" \/>\n<meta property=\"article:modified_time\" content=\"2024-04-18T20:45:40+00:00\" \/>\n<meta property=\"og:image\" content=\"https:\/\/teste.hemomed.com.br\/ipc\/wp-content\/uploads\/2024\/04\/ipc-unidade-angelica-5.jpg\" \/>\n<meta name=\"twitter:card\" content=\"summary_large_image\" \/>\n<meta name=\"twitter:label1\" content=\"Est. tempo de leitura\" \/>\n\t<meta name=\"twitter:data1\" content=\"2 minutos\" \/>\n<!-- \/ Yoast SEO Premium plugin. -->","yoast_head_json":{"title":"IPC - Contato - IPC","robots":{"index":"index","follow":"follow","max-snippet":"max-snippet:-1","max-image-preview":"max-image-preview:large","max-video-preview":"max-video-preview:-1"},"canonical":"https:\/\/teste.hemomed.com.br\/ipc\/contato\/","og_locale":"pt_BR","og_type":"article","og_title":"IPC - Contato","og_description":"D\u00daVIDAS E MARCA\u00c7\u00c3O DE CONSULTAS Escolha uma de nossas unidades e fale com nossa central de atendimento. Fale com nosso atendimento on-line Em nossas unidades temos tudo o que \u00e9 necess\u00e1rio para oferecer a melhor medicina integrativa especializada. Unidade Higien\u00f3polis Avenida Ang\u00e9lica, 2503Higien\u00f3polis &#8211; S\u00e3o Paulo 11 3797-3000 Unidade Mooca Rua Lituania, 197Mooca &#8211; S\u00e3o...","og_url":"https:\/\/teste.hemomed.com.br\/ipc\/contato\/","og_site_name":"IPC","article_modified_time":"2024-04-18T20:45:40+00:00","og_image":[{"url":"https:\/\/teste.hemomed.com.br\/ipc\/wp-content\/uploads\/2024\/04\/ipc-unidade-angelica-5.jpg","type":"","width":"","height":""}],"twitter_card":"summary_large_image","twitter_misc":{"Est. tempo de leitura":"2 minutos"},"schema":{"@context":"https:\/\/schema.org","@graph":[]}},"_links":{"self":[{"href":"https:\/\/teste.hemomed.com.br\/ipc\/wp-json\/wp\/v2\/pages\/6746","targetHints":{"allow":["GET"]}}],"collection":[{"href":"https:\/\/teste.hemomed.com.br\/ipc\/wp-json\/wp\/v2\/pages"}],"about":[{"href":"https:\/\/teste.hemomed.com.br\/ipc\/wp-json\/wp\/v2\/types\/page"}],"author":[{"embeddable":true,"href":"https:\/\/teste.hemomed.com.br\/ipc\/wp-json\/wp\/v2\/users\/1"}],"replies":[{"embeddable":true,"href":"https:\/\/teste.hemomed.com.br\/ipc\/wp-json\/wp\/v2\/comments?post=6746"}],"version-history":[{"count":22,"href":"https:\/\/teste.hemomed.com.br\/ipc\/wp-json\/wp\/v2\/pages\/6746\/revisions"}],"predecessor-version":[{"id":7050,"href":"https:\/\/teste.hemomed.com.br\/ipc\/wp-json\/wp\/v2\/pages\/6746\/revisions\/7050"}],"wp:attachment":[{"href":"https:\/\/teste.hemomed.com.br\/ipc\/wp-json\/wp\/v2\/media?parent=6746"}],"curies":[{"name":"wp","href":"https:\/\/api.w.org\/{rel}","templated":true}]}}