{"id":6930,"date":"2024-02-27T18:51:33","date_gmt":"2024-02-27T18:51:33","guid":{"rendered":"https:\/\/teste.hemomed.com.br\/ipc\/nossa-historia-copy\/"},"modified":"2024-02-27T19:33:09","modified_gmt":"2024-02-27T19:33:09","slug":"certificacoes","status":"publish","type":"page","link":"https:\/\/teste.hemomed.com.br\/ipc\/certificacoes\/","title":{"rendered":"Certifica\u00e7\u00f5es"},"content":{"rendered":"\t\t<div data-elementor-type=\"wp-post\" data-elementor-id=\"6930\" class=\"elementor elementor-6930\" data-elementor-post-type=\"page\">\n\t\t\t\t\t\t<section class=\"elementor-section elementor-top-section elementor-element elementor-element-8619ca9 elementor-section-boxed elementor-section-height-default elementor-section-height-default\" data-id=\"8619ca9\" data-element_type=\"section\">\n\t\t\t\t\t\t<div class=\"elementor-container elementor-column-gap-default\">\n\t\t\t\t\t<div class=\"elementor-column elementor-col-100 elementor-top-column elementor-element elementor-element-781c093\" data-id=\"781c093\" data-element_type=\"column\">\n\t\t\t<div class=\"elementor-widget-wrap elementor-element-populated\">\n\t\t\t\t\t\t<div class=\"elementor-element elementor-element-ea58db3 elementor-widget elementor-widget-heading\" data-id=\"ea58db3\" data-element_type=\"widget\" data-widget_type=\"heading.default\">\n\t\t\t\t<div class=\"elementor-widget-container\">\n\t\t\t\t\t<h2 class=\"elementor-heading-title elementor-size-default\">A nossa vis\u00e3o de futuro e a busca pela excel\u00eancia, permite ampliar o nosso neg\u00f3cio, para sermos um dos melhores centros oncol\u00f3gico do pa\u00eds.<\/h2>\t\t\t\t<\/div>\n\t\t\t\t<\/div>\n\t\t\t\t\t<\/div>\n\t\t<\/div>\n\t\t\t\t\t<\/div>\n\t\t<\/section>\n\t\t\t\t<section class=\"elementor-section elementor-top-section elementor-element elementor-element-15865d4 elementor-section-stretched elementor-section-boxed elementor-section-height-default elementor-section-height-default\" data-id=\"15865d4\" data-element_type=\"section\" data-settings=\"{&quot;stretch_section&quot;:&quot;section-stretched&quot;,&quot;background_background&quot;:&quot;classic&quot;}\">\n\t\t\t\t\t\t\t<div class=\"elementor-background-overlay\"><\/div>\n\t\t\t\t\t\t\t<div class=\"elementor-container elementor-column-gap-default\">\n\t\t\t\t\t<div class=\"elementor-column elementor-col-50 elementor-top-column elementor-element elementor-element-4b5e976\" data-id=\"4b5e976\" data-element_type=\"column\">\n\t\t\t<div class=\"elementor-widget-wrap elementor-element-populated\">\n\t\t\t\t\t\t<section class=\"elementor-section elementor-inner-section elementor-element elementor-element-a51045f elementor-section-boxed elementor-section-height-default elementor-section-height-default\" data-id=\"a51045f\" data-element_type=\"section\">\n\t\t\t\t\t\t<div class=\"elementor-container elementor-column-gap-default\">\n\t\t\t\t\t<div class=\"elementor-column elementor-col-50 elementor-inner-column elementor-element elementor-element-c4648e5\" data-id=\"c4648e5\" data-element_type=\"column\" data-settings=\"{&quot;background_background&quot;:&quot;classic&quot;}\">\n\t\t\t<div class=\"elementor-widget-wrap elementor-element-populated\">\n\t\t\t\t\t<div class=\"elementor-background-overlay\"><\/div>\n\t\t\t\t\t\t<div class=\"elementor-element elementor-element-b2b5eba elementor-widget__width-auto elementor-widget elementor-widget-counter\" data-id=\"b2b5eba\" data-element_type=\"widget\" data-widget_type=\"counter.default\">\n\t\t\t\t<div class=\"elementor-widget-container\">\n\t\t\t\t\t\t\t<div class=\"elementor-counter\">\n\t\t\t\t\t\t<div class=\"elementor-counter-number-wrapper\">\n\t\t\t\t<span class=\"elementor-counter-number-prefix\"><\/span>\n\t\t\t\t<span class=\"elementor-counter-number\" data-duration=\"2000\" data-to-value=\"30\" data-from-value=\"0\" data-delimiter=\",\">0<\/span>\n\t\t\t\t<span class=\"elementor-counter-number-suffix\"><\/span>\n\t\t\t<\/div>\n\t\t<\/div>\n\t\t\t\t\t\t<\/div>\n\t\t\t\t<\/div>\n\t\t\t\t<div class=\"elementor-element elementor-element-312a9ed elementor-widget__width-initial elementor-widget-tablet_extra__width-initial elementor-widget elementor-widget-text-editor\" data-id=\"312a9ed\" data-element_type=\"widget\" data-widget_type=\"text-editor.default\">\n\t\t\t\t<div class=\"elementor-widget-container\">\n\t\t\t\t\t\t\t\t\t<p>Anos de atua\u00e7\u00e3o no segmento de oncologia<\/p>\t\t\t\t\t\t\t\t<\/div>\n\t\t\t\t<\/div>\n\t\t\t\t\t<\/div>\n\t\t<\/div>\n\t\t\t\t<div class=\"elementor-column elementor-col-50 elementor-inner-column elementor-element elementor-element-b3c8ecb\" data-id=\"b3c8ecb\" data-element_type=\"column\">\n\t\t\t<div class=\"elementor-widget-wrap\">\n\t\t\t\t\t\t\t<\/div>\n\t\t<\/div>\n\t\t\t\t\t<\/div>\n\t\t<\/section>\n\t\t\t\t<div class=\"elementor-element elementor-element-52f7f9a elementor-widget__width-auto elementor-absolute elementor-widget elementor-widget-image\" data-id=\"52f7f9a\" data-element_type=\"widget\" data-settings=\"{&quot;_position&quot;:&quot;absolute&quot;}\" data-widget_type=\"image.default\">\n\t\t\t\t<div class=\"elementor-widget-container\">\n\t\t\t\t\t\t\t\t\t\t\t\t\t\t\t<img decoding=\"async\" width=\"322\" height=\"100\" src=\"https:\/\/teste.hemomed.com.br\/ipc\/wp-content\/uploads\/2023\/06\/border_shape.png\" class=\"attachment-full size-full wp-image-5639\" alt=\"\" srcset=\"https:\/\/teste.hemomed.com.br\/ipc\/wp-content\/uploads\/2023\/06\/border_shape.png 322w, https:\/\/teste.hemomed.com.br\/ipc\/wp-content\/uploads\/2023\/06\/border_shape-300x93.png 300w\" sizes=\"(max-width: 322px) 100vw, 322px\" \/>\t\t\t\t\t\t\t\t\t\t\t\t\t\t\t<\/div>\n\t\t\t\t<\/div>\n\t\t\t\t<section class=\"elementor-section elementor-inner-section elementor-element elementor-element-f850603 elementor-section-boxed elementor-section-height-default elementor-section-height-default\" data-id=\"f850603\" data-element_type=\"section\">\n\t\t\t\t\t\t<div class=\"elementor-container elementor-column-gap-default\">\n\t\t\t\t\t<div class=\"elementor-column elementor-col-50 elementor-inner-column elementor-element elementor-element-aaf3700\" data-id=\"aaf3700\" data-element_type=\"column\">\n\t\t\t<div class=\"elementor-widget-wrap elementor-element-populated\">\n\t\t\t\t\t\t<div class=\"elementor-element elementor-element-73813c4 elementor-widget elementor-widget-image\" data-id=\"73813c4\" data-element_type=\"widget\" data-widget_type=\"image.default\">\n\t\t\t\t<div class=\"elementor-widget-container\">\n\t\t\t\t\t\t\t\t\t\t\t\t\t\t\t<img fetchpriority=\"high\" decoding=\"async\" width=\"320\" height=\"327\" src=\"https:\/\/teste.hemomed.com.br\/ipc\/wp-content\/uploads\/2023\/10\/ipc-paciente-cancer-1.jpg\" class=\"attachment-large size-large wp-image-6603\" alt=\"\" srcset=\"https:\/\/teste.hemomed.com.br\/ipc\/wp-content\/uploads\/2023\/10\/ipc-paciente-cancer-1.jpg 320w, https:\/\/teste.hemomed.com.br\/ipc\/wp-content\/uploads\/2023\/10\/ipc-paciente-cancer-1-294x300.jpg 294w, https:\/\/teste.hemomed.com.br\/ipc\/wp-content\/uploads\/2023\/10\/ipc-paciente-cancer-1-295x300.jpg 295w\" sizes=\"(max-width: 320px) 100vw, 320px\" \/>\t\t\t\t\t\t\t\t\t\t\t\t\t\t\t<\/div>\n\t\t\t\t<\/div>\n\t\t\t\t<div class=\"elementor-element elementor-element-772fc75 elementor-widget__width-auto elementor-absolute animated-slow elementor-invisible elementor-widget elementor-widget-image\" data-id=\"772fc75\" data-element_type=\"widget\" data-settings=\"{&quot;_position&quot;:&quot;absolute&quot;,&quot;_animation&quot;:&quot;zoomIn&quot;}\" data-widget_type=\"image.default\">\n\t\t\t\t<div class=\"elementor-widget-container\">\n\t\t\t\t\t\t\t\t\t\t\t\t\t\t\t<img decoding=\"async\" width=\"78\" height=\"63\" src=\"https:\/\/teste.hemomed.com.br\/ipc\/wp-content\/uploads\/2023\/06\/shape_image.png\" class=\"attachment-full size-full wp-image-5638\" alt=\"\" \/>\t\t\t\t\t\t\t\t\t\t\t\t\t\t\t<\/div>\n\t\t\t\t<\/div>\n\t\t\t\t\t<\/div>\n\t\t<\/div>\n\t\t\t\t<div class=\"elementor-column elementor-col-50 elementor-inner-column elementor-element elementor-element-0a08361\" data-id=\"0a08361\" data-element_type=\"column\">\n\t\t\t<div class=\"elementor-widget-wrap elementor-element-populated\">\n\t\t\t\t\t\t<div class=\"elementor-element elementor-element-9f9d95c elementor-widget elementor-widget-image\" data-id=\"9f9d95c\" data-element_type=\"widget\" data-widget_type=\"image.default\">\n\t\t\t\t<div class=\"elementor-widget-container\">\n\t\t\t\t\t\t\t\t\t\t\t\t\t\t\t<img loading=\"lazy\" decoding=\"async\" width=\"280\" height=\"457\" src=\"https:\/\/teste.hemomed.com.br\/ipc\/wp-content\/uploads\/2023\/10\/ipc-medico-cancer-1.jpg\" class=\"attachment-full size-full wp-image-6602\" alt=\"\" srcset=\"https:\/\/teste.hemomed.com.br\/ipc\/wp-content\/uploads\/2023\/10\/ipc-medico-cancer-1.jpg 280w, https:\/\/teste.hemomed.com.br\/ipc\/wp-content\/uploads\/2023\/10\/ipc-medico-cancer-1-184x300.jpg 184w\" sizes=\"(max-width: 280px) 100vw, 280px\" \/>\t\t\t\t\t\t\t\t\t\t\t\t\t\t\t<\/div>\n\t\t\t\t<\/div>\n\t\t\t\t<div class=\"elementor-element elementor-element-587c439 elementor-widget__width-auto elementor-absolute animated-slow elementor-invisible elementor-widget elementor-widget-image\" data-id=\"587c439\" data-element_type=\"widget\" data-settings=\"{&quot;_position&quot;:&quot;absolute&quot;,&quot;_animation&quot;:&quot;zoomIn&quot;}\" data-widget_type=\"image.default\">\n\t\t\t\t<div class=\"elementor-widget-container\">\n\t\t\t\t\t\t\t\t\t\t\t\t\t\t\t<img decoding=\"async\" width=\"78\" height=\"63\" src=\"https:\/\/teste.hemomed.com.br\/ipc\/wp-content\/uploads\/2023\/06\/shape_image.png\" class=\"attachment-full size-full wp-image-5638\" alt=\"\" \/>\t\t\t\t\t\t\t\t\t\t\t\t\t\t\t<\/div>\n\t\t\t\t<\/div>\n\t\t\t\t\t<\/div>\n\t\t<\/div>\n\t\t\t\t\t<\/div>\n\t\t<\/section>\n\t\t\t\t\t<\/div>\n\t\t<\/div>\n\t\t\t\t<div class=\"elementor-column elementor-col-50 elementor-top-column elementor-element elementor-element-73a7636\" data-id=\"73a7636\" data-element_type=\"column\">\n\t\t\t<div class=\"elementor-widget-wrap elementor-element-populated\">\n\t\t\t\t\t\t<div class=\"elementor-element elementor-element-e6fa259 elementor-widget elementor-widget-heading\" data-id=\"e6fa259\" data-element_type=\"widget\" data-widget_type=\"heading.default\">\n\t\t\t\t<div class=\"elementor-widget-container\">\n\t\t\t\t\t<div class=\"elementor-heading-title elementor-size-default\">Com capilaridade de atua\u00e7\u00e3o em diversas \u00e1reas da oncologia e hematologia.<\/div>\t\t\t\t<\/div>\n\t\t\t\t<\/div>\n\t\t\t\t<div class=\"elementor-element elementor-element-64a457e elementor-widget elementor-widget-heading\" data-id=\"64a457e\" data-element_type=\"widget\" data-widget_type=\"heading.default\">\n\t\t\t\t<div class=\"elementor-widget-container\">\n\t\t\t\t\t<h2 class=\"elementor-heading-title elementor-size-default\">Somos reconhecidos e atestados pelos principais org\u00e3os de qualidade do mundo.<\/h2>\t\t\t\t<\/div>\n\t\t\t\t<\/div>\n\t\t\t\t<section class=\"elementor-section elementor-inner-section elementor-element elementor-element-aeea62e elementor-section-boxed elementor-section-height-default elementor-section-height-default\" data-id=\"aeea62e\" data-element_type=\"section\">\n\t\t\t\t\t\t<div class=\"elementor-container elementor-column-gap-default\">\n\t\t\t\t\t<div class=\"elementor-column elementor-col-50 elementor-inner-column elementor-element elementor-element-60fd8e4\" data-id=\"60fd8e4\" data-element_type=\"column\">\n\t\t\t<div class=\"elementor-widget-wrap elementor-element-populated\">\n\t\t\t\t\t\t<div class=\"elementor-element elementor-element-b61ea4d elementor-widget elementor-widget-image\" data-id=\"b61ea4d\" data-element_type=\"widget\" data-widget_type=\"image.default\">\n\t\t\t\t<div class=\"elementor-widget-container\">\n\t\t\t\t\t\t\t\t\t\t\t\t\t\t\t<img loading=\"lazy\" decoding=\"async\" width=\"196\" height=\"93\" src=\"https:\/\/teste.hemomed.com.br\/ipc\/wp-content\/uploads\/2024\/02\/ipc-certificacao-qmentum.jpg\" class=\"attachment-large size-large wp-image-6933\" alt=\"\" \/>\t\t\t\t\t\t\t\t\t\t\t\t\t\t\t<\/div>\n\t\t\t\t<\/div>\n\t\t\t\t\t<\/div>\n\t\t<\/div>\n\t\t\t\t<div class=\"elementor-column elementor-col-50 elementor-inner-column elementor-element elementor-element-b166d8f\" data-id=\"b166d8f\" data-element_type=\"column\">\n\t\t\t<div class=\"elementor-widget-wrap\">\n\t\t\t\t\t\t\t<\/div>\n\t\t<\/div>\n\t\t\t\t\t<\/div>\n\t\t<\/section>\n\t\t\t\t<section class=\"elementor-section elementor-inner-section elementor-element elementor-element-11c4af8 elementor-section-boxed elementor-section-height-default elementor-section-height-default\" data-id=\"11c4af8\" data-element_type=\"section\">\n\t\t\t\t\t\t<div class=\"elementor-container elementor-column-gap-default\">\n\t\t\t\t\t<div class=\"elementor-column elementor-col-100 elementor-inner-column elementor-element elementor-element-392e47c\" data-id=\"392e47c\" data-element_type=\"column\">\n\t\t\t<div class=\"elementor-widget-wrap elementor-element-populated\">\n\t\t\t\t\t\t<div class=\"elementor-element elementor-element-fdaa36e elementor-widget elementor-widget-text-editor\" data-id=\"fdaa36e\" data-element_type=\"widget\" data-widget_type=\"text-editor.default\">\n\t\t\t\t<div class=\"elementor-widget-container\">\n\t\t\t\t\t\t\t\t\t<p>O programa de acredita\u00e7\u00e3o QMentum Internacional \u00e9 um dos modelos de avalia\u00e7\u00e3o de servi\u00e7os de sa\u00fade mais exigentes do mundo. E o IPC conquistou esta certifica\u00e7\u00e3o.<br \/>Aplicado em mais de 40 pa\u00edses, ele assegura a qualidade, a seguran\u00e7a na assist\u00eancia e um atendimento de alta performance do doador ao paciente.<\/p>\t\t\t\t\t\t\t\t<\/div>\n\t\t\t\t<\/div>\n\t\t\t\t\t<\/div>\n\t\t<\/div>\n\t\t\t\t\t<\/div>\n\t\t<\/section>\n\t\t\t\t<section class=\"elementor-section elementor-inner-section elementor-element elementor-element-71d175c elementor-section-boxed elementor-section-height-default elementor-section-height-default\" data-id=\"71d175c\" data-element_type=\"section\">\n\t\t\t\t\t\t<div class=\"elementor-container elementor-column-gap-default\">\n\t\t\t\t\t<div class=\"elementor-column elementor-col-50 elementor-inner-column elementor-element elementor-element-105d2d6\" data-id=\"105d2d6\" data-element_type=\"column\">\n\t\t\t<div class=\"elementor-widget-wrap elementor-element-populated\">\n\t\t\t\t\t\t<div class=\"elementor-element elementor-element-8a309a8 elementor-widget elementor-widget-image\" data-id=\"8a309a8\" data-element_type=\"widget\" data-widget_type=\"image.default\">\n\t\t\t\t<div class=\"elementor-widget-container\">\n\t\t\t\t\t\t\t\t\t\t\t\t\t\t\t<img loading=\"lazy\" decoding=\"async\" width=\"196\" height=\"93\" src=\"https:\/\/teste.hemomed.com.br\/ipc\/wp-content\/uploads\/2024\/02\/ipc-certificacao-bsi.jpg\" class=\"attachment-large size-large wp-image-6934\" alt=\"\" \/>\t\t\t\t\t\t\t\t\t\t\t\t\t\t\t<\/div>\n\t\t\t\t<\/div>\n\t\t\t\t\t<\/div>\n\t\t<\/div>\n\t\t\t\t<div class=\"elementor-column elementor-col-50 elementor-inner-column elementor-element elementor-element-3833c0b\" data-id=\"3833c0b\" data-element_type=\"column\">\n\t\t\t<div class=\"elementor-widget-wrap elementor-element-populated\">\n\t\t\t\t\t\t<div class=\"elementor-element elementor-element-fc13fca elementor-widget elementor-widget-image\" data-id=\"fc13fca\" data-element_type=\"widget\" data-widget_type=\"image.default\">\n\t\t\t\t<div class=\"elementor-widget-container\">\n\t\t\t\t\t\t\t\t\t\t\t\t\t\t\t<img loading=\"lazy\" decoding=\"async\" width=\"196\" height=\"93\" src=\"https:\/\/teste.hemomed.com.br\/ipc\/wp-content\/uploads\/2024\/02\/ipc-certificacao-onad.jpg\" class=\"attachment-large size-large wp-image-6935\" alt=\"\" \/>\t\t\t\t\t\t\t\t\t\t\t\t\t\t\t<\/div>\n\t\t\t\t<\/div>\n\t\t\t\t\t<\/div>\n\t\t<\/div>\n\t\t\t\t\t<\/div>\n\t\t<\/section>\n\t\t\t\t\t<\/div>\n\t\t<\/div>\n\t\t\t\t\t<\/div>\n\t\t<\/section>\n\t\t\t\t<section class=\"elementor-section elementor-top-section elementor-element elementor-element-0a8a41d elementor-section-stretched elementor-section-boxed elementor-section-height-default elementor-section-height-default\" data-id=\"0a8a41d\" data-element_type=\"section\" data-settings=\"{&quot;stretch_section&quot;:&quot;section-stretched&quot;,&quot;background_background&quot;:&quot;classic&quot;}\">\n\t\t\t\t\t\t<div class=\"elementor-container elementor-column-gap-no\">\n\t\t\t\t\t<div class=\"elementor-column elementor-col-50 elementor-top-column elementor-element elementor-element-8f460ce bg-primary\" data-id=\"8f460ce\" data-element_type=\"column\" data-settings=\"{&quot;background_background&quot;:&quot;classic&quot;}\">\n\t\t\t<div class=\"elementor-widget-wrap elementor-element-populated\">\n\t\t\t\t\t\t<section class=\"elementor-section elementor-inner-section elementor-element elementor-element-55249fa elementor-section-boxed elementor-section-height-default elementor-section-height-default\" data-id=\"55249fa\" data-element_type=\"section\">\n\t\t\t\t\t\t<div class=\"elementor-container elementor-column-gap-default\">\n\t\t\t\t\t<div class=\"elementor-column elementor-col-100 elementor-inner-column elementor-element elementor-element-675e7c7\" data-id=\"675e7c7\" data-element_type=\"column\">\n\t\t\t<div class=\"elementor-widget-wrap elementor-element-populated\">\n\t\t\t\t\t\t<div class=\"elementor-element elementor-element-7cfe820 elementor-widget elementor-widget-heading\" data-id=\"7cfe820\" data-element_type=\"widget\" data-widget_type=\"heading.default\">\n\t\t\t\t<div class=\"elementor-widget-container\">\n\t\t\t\t\t<h2 class=\"elementor-heading-title elementor-size-default\">O IPC faz parte do Grupo S\u00e3o Lucas Cell Therapy, um ecosistema de 9 empresas.<\/h2>\t\t\t\t<\/div>\n\t\t\t\t<\/div>\n\t\t\t\t<div class=\"elementor-element elementor-element-52c70c1 elementor-widget elementor-widget-text-editor\" data-id=\"52c70c1\" data-element_type=\"widget\" data-widget_type=\"text-editor.default\">\n\t\t\t\t<div class=\"elementor-widget-container\">\n\t\t\t\t\t\t\t\t\t<p>Que juntas empregam perto de mil colaboradores diretos entre \u00e1reas de gest\u00e3o, corpo cl\u00ednico e t\u00e9cnico, al\u00e9m de gerar cerca de cinco mil empregos indiretos, atrav\u00e9s de parceiros e fornecedores.<\/p>\t\t\t\t\t\t\t\t<\/div>\n\t\t\t\t<\/div>\n\t\t\t\t\t<\/div>\n\t\t<\/div>\n\t\t\t\t\t<\/div>\n\t\t<\/section>\n\t\t\t\t\t<\/div>\n\t\t<\/div>\n\t\t\t\t<div class=\"elementor-column elementor-col-50 elementor-top-column elementor-element elementor-element-794366c\" data-id=\"794366c\" data-element_type=\"column\" data-settings=\"{&quot;background_background&quot;:&quot;classic&quot;}\">\n\t\t\t<div class=\"elementor-widget-wrap\">\n\t\t\t\t\t\t\t<\/div>\n\t\t<\/div>\n\t\t\t\t\t<\/div>\n\t\t<\/section>\n\t\t\t\t<section class=\"elementor-section elementor-top-section elementor-element elementor-element-3f7cc4fb elementor-section-stretched elementor-section-boxed elementor-section-height-default elementor-section-height-default\" data-id=\"3f7cc4fb\" data-element_type=\"section\" data-settings=\"{&quot;stretch_section&quot;:&quot;section-stretched&quot;,&quot;background_background&quot;:&quot;classic&quot;}\">\n\t\t\t\t\t\t\t<div class=\"elementor-background-overlay\"><\/div>\n\t\t\t\t\t\t\t<div class=\"elementor-container elementor-column-gap-default\">\n\t\t\t\t\t<div class=\"elementor-column elementor-col-100 elementor-top-column elementor-element elementor-element-5d9d8762\" data-id=\"5d9d8762\" data-element_type=\"column\">\n\t\t\t<div class=\"elementor-widget-wrap elementor-element-populated\">\n\t\t\t\t\t\t<div class=\"elementor-element elementor-element-dccdcc2 elementor-invisible elementor-widget elementor-widget-rt-title\" data-id=\"dccdcc2\" data-element_type=\"widget\" data-settings=\"{&quot;_animation&quot;:&quot;fadeInDown&quot;}\" data-widget_type=\"rt-title.default\">\n\t\t\t\t<div class=\"elementor-widget-container\">\n\t\t\t\t\t\r\n\t\t<div class=\"rt-el-title section-heading heading-dark text-center heading-layout1 style1 theme2\">\t\t\r\n\t\t\t\t\t\t<h2 class=\"rtin-title\">Com a manuten\u00e7\u00e3o dos padr\u00f5es de excel\u00eancia e decis\u00f5es bem planejadas, seguimos crescendo.<\/h2>\r\n\t\t<\/div>\r\n\t\t\t\t<\/div>\n\t\t\t\t<\/div>\n\t\t\t\t\t<\/div>\n\t\t<\/div>\n\t\t\t\t\t<\/div>\n\t\t<\/section>\n\t\t\t\t<\/div>\n\t\t","protected":false},"excerpt":{"rendered":"<p>A nossa vis\u00e3o de futuro e a busca pela excel\u00eancia, permite ampliar o nosso neg\u00f3cio, para sermos um dos melhores centros oncol\u00f3gico do pa\u00eds. 0 Anos de atua\u00e7\u00e3o no segmento de oncologia Com capilaridade de atua\u00e7\u00e3o em diversas \u00e1reas da oncologia e hematologia. Somos reconhecidos e atestados pelos principais org\u00e3os de qualidade do mundo. O&#8230;<\/p>\n","protected":false},"author":1,"featured_media":0,"parent":0,"menu_order":0,"comment_status":"closed","ping_status":"closed","template":"","meta":{"footnotes":""},"class_list":["post-6930","page","type-page","status-publish","hentry"],"yoast_head":"<!-- This site is optimized with the Yoast SEO Premium plugin v21.4 (Yoast SEO v27.2) - https:\/\/yoast.com\/product\/yoast-seo-premium-wordpress\/ -->\n<title>Certifica\u00e7\u00f5es - IPC<\/title>\n<meta name=\"robots\" content=\"index, follow, max-snippet:-1, max-image-preview:large, max-video-preview:-1\" \/>\n<link rel=\"canonical\" href=\"https:\/\/teste.hemomed.com.br\/ipc\/certificacoes\/\" \/>\n<meta property=\"og:locale\" content=\"pt_BR\" \/>\n<meta property=\"og:type\" content=\"article\" \/>\n<meta property=\"og:title\" content=\"Certifica\u00e7\u00f5es\" \/>\n<meta property=\"og:description\" content=\"A nossa vis\u00e3o de futuro e a busca pela excel\u00eancia, permite ampliar o nosso neg\u00f3cio, para sermos um dos melhores centros oncol\u00f3gico do pa\u00eds. 0 Anos de atua\u00e7\u00e3o no segmento de oncologia Com capilaridade de atua\u00e7\u00e3o em diversas \u00e1reas da oncologia e hematologia. Somos reconhecidos e atestados pelos principais org\u00e3os de qualidade do mundo. O...\" \/>\n<meta property=\"og:url\" content=\"https:\/\/teste.hemomed.com.br\/ipc\/certificacoes\/\" \/>\n<meta property=\"og:site_name\" content=\"IPC\" \/>\n<meta property=\"article:modified_time\" content=\"2024-02-27T19:33:09+00:00\" \/>\n<meta property=\"og:image\" content=\"https:\/\/teste.hemomed.com.br\/ipc\/wp-content\/uploads\/2023\/06\/border_shape.png\" \/>\n<meta name=\"twitter:card\" content=\"summary_large_image\" \/>\n<meta name=\"twitter:label1\" content=\"Est. tempo de leitura\" \/>\n\t<meta name=\"twitter:data1\" content=\"1 minuto\" \/>\n<!-- \/ Yoast SEO Premium plugin. -->","yoast_head_json":{"title":"Certifica\u00e7\u00f5es - IPC","robots":{"index":"index","follow":"follow","max-snippet":"max-snippet:-1","max-image-preview":"max-image-preview:large","max-video-preview":"max-video-preview:-1"},"canonical":"https:\/\/teste.hemomed.com.br\/ipc\/certificacoes\/","og_locale":"pt_BR","og_type":"article","og_title":"Certifica\u00e7\u00f5es","og_description":"A nossa vis\u00e3o de futuro e a busca pela excel\u00eancia, permite ampliar o nosso neg\u00f3cio, para sermos um dos melhores centros oncol\u00f3gico do pa\u00eds. 0 Anos de atua\u00e7\u00e3o no segmento de oncologia Com capilaridade de atua\u00e7\u00e3o em diversas \u00e1reas da oncologia e hematologia. Somos reconhecidos e atestados pelos principais org\u00e3os de qualidade do mundo. O...","og_url":"https:\/\/teste.hemomed.com.br\/ipc\/certificacoes\/","og_site_name":"IPC","article_modified_time":"2024-02-27T19:33:09+00:00","og_image":[{"url":"https:\/\/teste.hemomed.com.br\/ipc\/wp-content\/uploads\/2023\/06\/border_shape.png","type":"","width":"","height":""}],"twitter_card":"summary_large_image","twitter_misc":{"Est. tempo de leitura":"1 minuto"},"schema":{"@context":"https:\/\/schema.org","@graph":[]}},"_links":{"self":[{"href":"https:\/\/teste.hemomed.com.br\/ipc\/wp-json\/wp\/v2\/pages\/6930","targetHints":{"allow":["GET"]}}],"collection":[{"href":"https:\/\/teste.hemomed.com.br\/ipc\/wp-json\/wp\/v2\/pages"}],"about":[{"href":"https:\/\/teste.hemomed.com.br\/ipc\/wp-json\/wp\/v2\/types\/page"}],"author":[{"embeddable":true,"href":"https:\/\/teste.hemomed.com.br\/ipc\/wp-json\/wp\/v2\/users\/1"}],"replies":[{"embeddable":true,"href":"https:\/\/teste.hemomed.com.br\/ipc\/wp-json\/wp\/v2\/comments?post=6930"}],"version-history":[{"count":4,"href":"https:\/\/teste.hemomed.com.br\/ipc\/wp-json\/wp\/v2\/pages\/6930\/revisions"}],"predecessor-version":[{"id":6940,"href":"https:\/\/teste.hemomed.com.br\/ipc\/wp-json\/wp\/v2\/pages\/6930\/revisions\/6940"}],"wp:attachment":[{"href":"https:\/\/teste.hemomed.com.br\/ipc\/wp-json\/wp\/v2\/media?parent=6930"}],"curies":[{"name":"wp","href":"https:\/\/api.w.org\/{rel}","templated":true}]}}